{"id":9,"date":"2022-09-11T16:25:36","date_gmt":"2022-09-11T14:25:36","guid":{"rendered":"https:\/\/fundacionmosquera.ddns.net\/?page_id=9"},"modified":"2022-12-27T08:49:10","modified_gmt":"2022-12-27T07:49:10","slug":"fundacion-mosquera","status":"publish","type":"page","link":"https:\/\/fundacionmosquera.ddns.net\/","title":{"rendered":"Fundaci\u00f3n Mosquera"},"content":{"rendered":"\t\t<div data-elementor-type=\"wp-page\" data-elementor-id=\"9\" class=\"elementor elementor-9\">\n\t\t\t\t\t\t\t\t\t<section class=\"elementor-section elementor-top-section elementor-element elementor-element-f9ba809 elementor-section-boxed elementor-section-height-default elementor-section-height-default\" data-id=\"f9ba809\" data-element_type=\"section\">\n\t\t\t\t\t\t<div class=\"elementor-container elementor-column-gap-default\">\n\t\t\t\t\t<div class=\"elementor-column elementor-col-50 elementor-top-column elementor-element elementor-element-885de06\" data-id=\"885de06\" data-element_type=\"column\">\n\t\t\t<div class=\"elementor-widget-wrap elementor-element-populated\">\n\t\t\t\t\t\t\t\t<div class=\"elementor-element elementor-element-5eacb41 elementor-widget elementor-widget-image\" data-id=\"5eacb41\" data-element_type=\"widget\" data-widget_type=\"image.default\">\n\t\t\t\t<div class=\"elementor-widget-container\">\n\t\t\t<style>\/*! elementor - v3.12.1 - 02-04-2023 *\/\n.elementor-widget-image{text-align:center}.elementor-widget-image a{display:inline-block}.elementor-widget-image a img[src$=\".svg\"]{width:48px}.elementor-widget-image img{vertical-align:middle;display:inline-block}<\/style>\t\t\t\t\t\t\t\t\t\t\t\t<img decoding=\"async\" width=\"768\" height=\"520\" src=\"https:\/\/fundacionmosquera.ddns.net\/wp-content\/uploads\/2022\/09\/ninos-1.webp\" class=\"attachment-large size-large wp-image-23\" alt=\"\" loading=\"lazy\" srcset=\"https:\/\/fundacionmosquera.ddns.net\/wp-content\/uploads\/2022\/09\/ninos-1.webp 768w, https:\/\/fundacionmosquera.ddns.net\/wp-content\/uploads\/2022\/09\/ninos-1-300x203.webp 300w\" sizes=\"(max-width: 768px) 100vw, 768px\" \/>\t\t\t\t\t\t\t\t\t\t\t\t\t\t\t<\/div>\n\t\t\t\t<\/div>\n\t\t\t\t\t<\/div>\n\t\t<\/div>\n\t\t\t\t<div class=\"elementor-column elementor-col-50 elementor-top-column elementor-element elementor-element-49bb893\" data-id=\"49bb893\" data-element_type=\"column\">\n\t\t\t<div class=\"elementor-widget-wrap elementor-element-populated\">\n\t\t\t\t\t\t\t\t<div class=\"elementor-element elementor-element-d83c284 elementor-widget elementor-widget-text-editor\" data-id=\"d83c284\" data-element_type=\"widget\" data-widget_type=\"text-editor.default\">\n\t\t\t\t<div class=\"elementor-widget-container\">\n\t\t\t<style>\/*! elementor - v3.12.1 - 02-04-2023 *\/\n.elementor-widget-text-editor.elementor-drop-cap-view-stacked .elementor-drop-cap{background-color:#69727d;color:#fff}.elementor-widget-text-editor.elementor-drop-cap-view-framed .elementor-drop-cap{color:#69727d;border:3px solid;background-color:transparent}.elementor-widget-text-editor:not(.elementor-drop-cap-view-default) .elementor-drop-cap{margin-top:8px}.elementor-widget-text-editor:not(.elementor-drop-cap-view-default) .elementor-drop-cap-letter{width:1em;height:1em}.elementor-widget-text-editor .elementor-drop-cap{float:left;text-align:center;line-height:1;font-size:50px}.elementor-widget-text-editor .elementor-drop-cap-letter{display:inline-block}<\/style>\t\t\t\t<p>En la Fundaci\u00f3n Mosquera creemos en las personas, en su capacidad para crecer, trabajar y superar las adversidades. Creemos en la educaci\u00f3n, la cultura y la investigaci\u00f3n como motores del progreso. Creemos en una sociedad con m\u00e1s oportunidades. Creemos en un futuro mejor para todos y trabajamos en miles de proyectos para construirlo.<\/p>\t\t\t\t\t\t<\/div>\n\t\t\t\t<\/div>\n\t\t\t\t\t<\/div>\n\t\t<\/div>\n\t\t\t\t\t\t\t<\/div>\n\t\t<\/section>\n\t\t\t\t<section class=\"elementor-section elementor-top-section elementor-element elementor-element-03eb164 elementor-section-boxed elementor-section-height-default elementor-section-height-default\" data-id=\"03eb164\" data-element_type=\"section\">\n\t\t\t\t\t\t<div class=\"elementor-container elementor-column-gap-default\">\n\t\t\t\t\t<div class=\"elementor-column elementor-col-50 elementor-top-column elementor-element elementor-element-c40b400\" data-id=\"c40b400\" data-element_type=\"column\">\n\t\t\t<div class=\"elementor-widget-wrap elementor-element-populated\">\n\t\t\t\t\t\t\t\t<div class=\"elementor-element elementor-element-ab82c21 elementor-widget elementor-widget-text-editor\" data-id=\"ab82c21\" data-element_type=\"widget\" data-widget_type=\"text-editor.default\">\n\t\t\t\t<div class=\"elementor-widget-container\">\n\t\t\t\t\t\t\t<p>Acercamos el conocimiento a la sociedad a trav\u00e9s de la cultura y la ciencia como herramientas de crecimiento personal y cohesi\u00f3n social.<\/p><p>Impulsamos la educaci\u00f3n y la formaci\u00f3n de excelencia como motor de progreso y bienestar social.<\/p>\t\t\t\t\t\t<\/div>\n\t\t\t\t<\/div>\n\t\t\t\t\t<\/div>\n\t\t<\/div>\n\t\t\t\t<div class=\"elementor-column elementor-col-50 elementor-top-column elementor-element elementor-element-ebdc04e\" data-id=\"ebdc04e\" data-element_type=\"column\">\n\t\t\t<div class=\"elementor-widget-wrap elementor-element-populated\">\n\t\t\t\t\t\t\t\t<div class=\"elementor-element elementor-element-f6e9359 elementor-widget elementor-widget-image\" data-id=\"f6e9359\" data-element_type=\"widget\" data-widget_type=\"image.default\">\n\t\t\t\t<div class=\"elementor-widget-container\">\n\t\t\t\t\t\t\t\t\t\t\t\t\t\t\t<img decoding=\"async\" width=\"276\" height=\"300\" src=\"https:\/\/fundacionmosquera.ddns.net\/wp-content\/uploads\/2022\/09\/th-1482899898-e1662911712231-276x300.jpg\" class=\"attachment-medium size-medium wp-image-71\" alt=\"\" loading=\"lazy\" srcset=\"https:\/\/fundacionmosquera.ddns.net\/wp-content\/uploads\/2022\/09\/th-1482899898-e1662911712231-276x300.jpg 276w, https:\/\/fundacionmosquera.ddns.net\/wp-content\/uploads\/2022\/09\/th-1482899898-e1662911712231.jpg 455w\" sizes=\"(max-width: 276px) 100vw, 276px\" \/>\t\t\t\t\t\t\t\t\t\t\t\t\t\t\t<\/div>\n\t\t\t\t<\/div>\n\t\t\t\t\t<\/div>\n\t\t<\/div>\n\t\t\t\t\t\t\t<\/div>\n\t\t<\/section>\n\t\t\t\t<section class=\"elementor-section elementor-top-section elementor-element elementor-element-ec99c0d elementor-section-boxed elementor-section-height-default elementor-section-height-default\" data-id=\"ec99c0d\" data-element_type=\"section\">\n\t\t\t\t\t\t<div class=\"elementor-container elementor-column-gap-default\">\n\t\t\t\t\t<div class=\"elementor-column elementor-col-50 elementor-top-column elementor-element elementor-element-0260847\" data-id=\"0260847\" data-element_type=\"column\">\n\t\t\t<div class=\"elementor-widget-wrap elementor-element-populated\">\n\t\t\t\t\t\t\t\t<div class=\"elementor-element elementor-element-ac9572a elementor-widget elementor-widget-image\" data-id=\"ac9572a\" data-element_type=\"widget\" data-widget_type=\"image.default\">\n\t\t\t\t<div class=\"elementor-widget-container\">\n\t\t\t\t\t\t\t\t\t\t\t\t\t\t\t<img decoding=\"async\" width=\"604\" height=\"340\" src=\"https:\/\/fundacionmosquera.ddns.net\/wp-content\/uploads\/2022\/09\/240924_731720-e1662912811818.jpg\" class=\"attachment-large size-large wp-image-90\" alt=\"\" loading=\"lazy\" srcset=\"https:\/\/fundacionmosquera.ddns.net\/wp-content\/uploads\/2022\/09\/240924_731720-e1662912811818.jpg 604w, https:\/\/fundacionmosquera.ddns.net\/wp-content\/uploads\/2022\/09\/240924_731720-e1662912811818-300x169.jpg 300w\" sizes=\"(max-width: 604px) 100vw, 604px\" \/>\t\t\t\t\t\t\t\t\t\t\t\t\t\t\t<\/div>\n\t\t\t\t<\/div>\n\t\t\t\t\t<\/div>\n\t\t<\/div>\n\t\t\t\t<div class=\"elementor-column elementor-col-50 elementor-top-column elementor-element elementor-element-de3c12d\" data-id=\"de3c12d\" data-element_type=\"column\">\n\t\t\t<div class=\"elementor-widget-wrap elementor-element-populated\">\n\t\t\t\t\t\t\t\t<div class=\"elementor-element elementor-element-dbf6e4e elementor-widget elementor-widget-text-editor\" data-id=\"dbf6e4e\" data-element_type=\"widget\" data-widget_type=\"text-editor.default\">\n\t\t\t\t<div class=\"elementor-widget-container\">\n\t\t\t\t\t\t\t<p>\u00a0<\/p><p>Apoyamos el progreso. Por eso, promovemos la investigaci\u00f3n y fomentamos la innovaci\u00f3n con el objetivo de lograr avances en salud y otras ciencias de la vida.<\/p>\t\t\t\t\t\t<\/div>\n\t\t\t\t<\/div>\n\t\t\t\t\t<\/div>\n\t\t<\/div>\n\t\t\t\t\t\t\t<\/div>\n\t\t<\/section>\n\t\t\t\t<section class=\"elementor-section elementor-top-section elementor-element elementor-element-2463476 elementor-section-boxed elementor-section-height-default elementor-section-height-default\" data-id=\"2463476\" data-element_type=\"section\">\n\t\t\t\t\t\t<div class=\"elementor-container elementor-column-gap-default\">\n\t\t\t\t\t<div class=\"elementor-column elementor-col-33 elementor-top-column elementor-element elementor-element-59a5690\" data-id=\"59a5690\" data-element_type=\"column\">\n\t\t\t<div class=\"elementor-widget-wrap elementor-element-populated\">\n\t\t\t\t\t\t\t\t<div class=\"elementor-element elementor-element-87d3d81 elementor-widget elementor-widget-text-editor\" data-id=\"87d3d81\" data-element_type=\"widget\" data-widget_type=\"text-editor.default\">\n\t\t\t\t<div class=\"elementor-widget-container\">\n\t\t\t\t\t\t\t<div class=\"et_pb_column et_pb_column_3_4 et_pb_column_0_tb_footer et_pb_css_mix_blend_mode_passthrough\"><div class=\"et_pb_module et_pb_text et_pb_text_0_tb_footer et_pb_text_align_left et_pb_bg_layout_light\"><div class=\"et_pb_text_inner\"><p>Contigo podemos multiplicar el alcance de nuestras iniciativas.<\/p><p><a href=\"https:\/\/fundacionmosquera.ddns.net\/?page_id=133\">\u00danete a nuestra Fundaci\u00f3n.<\/a><\/p><\/div><\/div><\/div>\t\t\t\t\t\t<\/div>\n\t\t\t\t<\/div>\n\t\t\t\t\t<\/div>\n\t\t<\/div>\n\t\t\t\t<div class=\"elementor-column elementor-col-66 elementor-top-column elementor-element elementor-element-f6933b4\" data-id=\"f6933b4\" data-element_type=\"column\">\n\t\t\t<div class=\"elementor-widget-wrap elementor-element-populated\">\n\t\t\t\t\t\t\t\t<div class=\"elementor-element elementor-element-fc1fd65 elementor-widget elementor-widget-image\" data-id=\"fc1fd65\" data-element_type=\"widget\" data-widget_type=\"image.default\">\n\t\t\t\t<div class=\"elementor-widget-container\">\n\t\t\t\t\t\t\t\t\t\t\t\t\t\t\t<img decoding=\"async\" width=\"150\" height=\"150\" src=\"https:\/\/fundacionmosquera.ddns.net\/wp-content\/uploads\/2022\/12\/177597871-150x150.png\" class=\"attachment-thumbnail size-thumbnail wp-image-225\" alt=\"\" loading=\"lazy\" srcset=\"https:\/\/fundacionmosquera.ddns.net\/wp-content\/uploads\/2022\/12\/177597871-150x150.png 150w, https:\/\/fundacionmosquera.ddns.net\/wp-content\/uploads\/2022\/12\/177597871-300x300.png 300w, https:\/\/fundacionmosquera.ddns.net\/wp-content\/uploads\/2022\/12\/177597871.png 750w\" sizes=\"(max-width: 150px) 100vw, 150px\" \/>\t\t\t\t\t\t\t\t\t\t\t\t\t\t\t<\/div>\n\t\t\t\t<\/div>\n\t\t\t\t\t<\/div>\n\t\t<\/div>\n\t\t\t\t\t\t\t<\/div>\n\t\t<\/section>\n\t\t\t\t\t\t\t<\/div>\n\t\t","protected":false},"excerpt":{"rendered":"<p>En la Fundaci\u00f3n Mosquera creemos en las personas, en su capacidad para crecer, trabajar y superar las adversidades. Creemos en la educaci\u00f3n, la cultura y la investigaci\u00f3n como motores del progreso. Creemos en una sociedad con m\u00e1s oportunidades. Creemos en un futuro mejor para todos y trabajamos en miles de proyectos para construirlo. Acercamos el&#8230;<\/p>\n","protected":false},"author":1,"featured_media":0,"parent":0,"menu_order":0,"comment_status":"closed","ping_status":"closed","template":"","meta":{"_kad_post_transparent":"","_kad_post_title":"","_kad_post_layout":"","_kad_post_sidebar_id":"","_kad_post_content_style":"","_kad_post_vertical_padding":"","_kad_post_feature":"","_kad_post_feature_position":"","_kad_post_header":false,"_kad_post_footer":false},"_links":{"self":[{"href":"https:\/\/fundacionmosquera.ddns.net\/index.php?rest_route=\/wp\/v2\/pages\/9"}],"collection":[{"href":"https:\/\/fundacionmosquera.ddns.net\/index.php?rest_route=\/wp\/v2\/pages"}],"about":[{"href":"https:\/\/fundacionmosquera.ddns.net\/index.php?rest_route=\/wp\/v2\/types\/page"}],"author":[{"embeddable":true,"href":"https:\/\/fundacionmosquera.ddns.net\/index.php?rest_route=\/wp\/v2\/users\/1"}],"replies":[{"embeddable":true,"href":"https:\/\/fundacionmosquera.ddns.net\/index.php?rest_route=%2Fwp%2Fv2%2Fcomments&post=9"}],"version-history":[{"count":70,"href":"https:\/\/fundacionmosquera.ddns.net\/index.php?rest_route=\/wp\/v2\/pages\/9\/revisions"}],"predecessor-version":[{"id":295,"href":"https:\/\/fundacionmosquera.ddns.net\/index.php?rest_route=\/wp\/v2\/pages\/9\/revisions\/295"}],"wp:attachment":[{"href":"https:\/\/fundacionmosquera.ddns.net\/index.php?rest_route=%2Fwp%2Fv2%2Fmedia&parent=9"}],"curies":[{"name":"wp","href":"https:\/\/api.w.org\/{rel}","templated":true}]}}